{"id":8,"date":"2021-04-09T05:58:44","date_gmt":"2021-04-09T05:58:44","guid":{"rendered":"https:\/\/caitlinmcfarlane.com\/?page_id=8"},"modified":"2026-03-29T14:01:46","modified_gmt":"2026-03-29T12:01:46","slug":"domicile","status":"publish","type":"page","link":"https:\/\/caitlinmcfarlane.com\/fr\/","title":{"rendered":"Domicile"},"content":{"rendered":"<figure><a href=\"https:\/\/caitlinmcfarlane.com\/fr\/\" target=\"_self\"> <img loading=\"lazy\" decoding=\"async\" title=\"CM-ic\u00f4ne-blanc\" src=\"https:\/\/caitlinmcfarlane.com\/wp-content\/uploads\/CM-icon-white-273x300.png\" alt=\"Logo - Caitlin McFarlane\" width=\"273\" height=\"300\" \/> <\/a><\/figure>\r\n<figure><img decoding=\"async\" src=\"https:\/\/caitlinmcfarlane.com\/wp-content\/uploads\/CM-logo-white-1.png\" alt=\"\" \/><\/figure>\r\n<h1>Bio<\/h1>\r\n<h6>NOM<\/h6>\r\n<p>Caitlin McFarlane<br \/>I&#8217;m an Alpine Ski Racer and I live in Le Biot, France.<br \/>I race Slalom and Giant Slalom, I&#8217;ve been a member of the French Alpine Ski Team since 2017.<\/p>\r\n<h6>DATE ET LIEU DE NAISSANCE<\/h6>\r\n<p>Je suis n\u00e9e le 22 mars 2002 \u00e0 Sydney en Australie.<\/p>\r\n<h6>NATIONALIT\u00c9<\/h6>\r\n<p>fran\u00e7aise, australienne et britannique.<\/p>\r\n<h6>MON CLUB DE SKI<\/h6>\r\n<p>St Jean d&#039;Aulps depuis trois ans !<\/p>\r\n<h6>QUAND JE NE SKI PAS<\/h6>\r\n<p>I like to play football &#8211; I played a lot when I was young.\u00a0 I also really like tennis and golf.<br \/>Quand je ne m&#039;entra\u00eene pas sur la neige, je fais beaucoup de musculation, du v\u00e9lo de route, du VTT, de la course \u00e0 pied et de la natation.<\/p>\r\n<h6>QUAND JE NE SKI PAS OU NE M&#039;ENTRA\u00ceNE PAS<\/h6>\r\n<p>J&#039;aime vraiment la nourriture, manger \u00e0 l&#039;ext\u00e9rieur et voyager. Je suis aussi dans la photographie et les vieux appareils photo.<br \/>J'aime \u00eatre \u00e0 la montagne et \u00e0 la plage. <a href=\"https:\/\/caitlinmcfarlane.com\/fr\/mes-progres\/\" target=\"_self\"> Tous mes r\u00e9sultats <\/a> <img decoding=\"async\" title=\"Biographie-03\" src=\"https:\/\/caitlinmcfarlane.com\/wp-content\/uploads\/Biography-03.png\" alt=\"Photo - Caitlin McFarlane - Ladies Night Courchevel D\u00e9cembre 2019\" \/> <a href=\"https:\/\/caitlinmcfarlane.com\/fr\/galerie\/\" target=\"_self\"> Plus dans ma galerie de photos <\/a><\/p>","protected":false},"excerpt":{"rendered":"<p>About Me NAME Caitlin McFarlaneI&#8217;m an Alpine Ski Racer and I live in Le Biot, France.I race Slalom and Giant Slalom, I&#8217;ve been a member of the French Alpine Ski Team since 2017. DATE AND PLACE OF BIRTH I was born on the 22nd of March 2002 in Sydney, Australia. NATIONALITY French, Australian and British. [&hellip;]<\/p>\n","protected":false},"author":1,"featured_media":0,"parent":0,"menu_order":0,"comment_status":"closed","ping_status":"closed","template":"","meta":{"_genesis_hide_title":false,"_genesis_hide_breadcrumbs":false,"_genesis_hide_singular_image":false,"_genesis_hide_footer_widgets":false,"_genesis_custom_body_class":"","_genesis_custom_post_class":"","_genesis_layout":"","footnotes":""},"class_list":{"0":"post-8","1":"page","2":"type-page","3":"status-publish","5":"entry"},"_links":{"self":[{"href":"https:\/\/caitlinmcfarlane.com\/fr\/wp-json\/wp\/v2\/pages\/8","targetHints":{"allow":["GET"]}}],"collection":[{"href":"https:\/\/caitlinmcfarlane.com\/fr\/wp-json\/wp\/v2\/pages"}],"about":[{"href":"https:\/\/caitlinmcfarlane.com\/fr\/wp-json\/wp\/v2\/types\/page"}],"author":[{"embeddable":true,"href":"https:\/\/caitlinmcfarlane.com\/fr\/wp-json\/wp\/v2\/users\/1"}],"replies":[{"embeddable":true,"href":"https:\/\/caitlinmcfarlane.com\/fr\/wp-json\/wp\/v2\/comments?post=8"}],"version-history":[{"count":143,"href":"https:\/\/caitlinmcfarlane.com\/fr\/wp-json\/wp\/v2\/pages\/8\/revisions"}],"predecessor-version":[{"id":844,"href":"https:\/\/caitlinmcfarlane.com\/fr\/wp-json\/wp\/v2\/pages\/8\/revisions\/844"}],"wp:attachment":[{"href":"https:\/\/caitlinmcfarlane.com\/fr\/wp-json\/wp\/v2\/media?parent=8"}],"curies":[{"name":"wp","href":"https:\/\/api.w.org\/{rel}","templated":true}]}}